{"id":6017,"date":"2021-04-18T19:12:21","date_gmt":"2021-04-18T19:12:21","guid":{"rendered":"https:\/\/www.i-kicoaching.com\/?page_id=6017"},"modified":"2023-03-05T23:02:33","modified_gmt":"2023-03-05T20:02:33","slug":"life-coaching","status":"publish","type":"page","link":"https:\/\/www.i-kicoaching.com\/fr\/life-coaching\/","title":{"rendered":"Life Coaching"},"content":{"rendered":"\t\t<div data-elementor-type=\"wp-page\" data-elementor-id=\"6017\" class=\"elementor elementor-6017 elementor-5639\" data-elementor-settings=\"[]\">\n\t\t\t\t\t\t<div class=\"elementor-inner\">\n\t\t\t\t\t\t\t<div class=\"elementor-section-wrap\">\n\t\t\t\t\t\t\t<section class=\"elementor-section elementor-top-section elementor-element elementor-element-2d8fda76 elementor-section-boxed elementor-section-gap-beside-yes elementor-section-height-default elementor-section-height-default elementor-section-column-vertical-align-stretch\" data-id=\"2d8fda76\" data-element_type=\"section\">\n\t\t\t\t\t\t<div class=\"elementor-container elementor-column-gap-extended\">\n\t\t\t\t\t\t\t<div class=\"elementor-row\">\n\t\t\t\t\t<div class=\"elementor-column elementor-col-50 elementor-top-column elementor-element elementor-element-26d1cc1f\" data-id=\"26d1cc1f\" data-element_type=\"column\">\n\t\t\t<div class=\"elementor-column-wrap elementor-element-populated\">\n\t\t\t\t\t\t\t<div class=\"elementor-widget-wrap\">\n\t\t\t\t\t\t<div class=\"elementor-element elementor-element-5640bdc7 elementor-widget elementor-widget-text-editor\" data-id=\"5640bdc7\" data-element_type=\"widget\" data-widget_type=\"text-editor.default\">\n\t\t\t\t<div class=\"elementor-widget-container\">\n\t\t\t\t\t\t\t\t<div class=\"elementor-text-editor elementor-clearfix\">\n\t\t\t\t<h2><img loading=\"lazy\" style=\"vertical-align: middle;margin: 0;\" class=\"alignnone wp-image-6741 \" src=\"https:\/\/www.i-kicoaching.com\/wp-content\/uploads\/2021\/12\/toa-heftiba-4xe-yVFJCvw-unsplash-scaled-e1639236350885-300x290.jpg\" alt=\"\" srcset=\"https:\/\/www.i-kicoaching.com\/wp-content\/uploads\/2021\/12\/toa-heftiba-4xe-yVFJCvw-unsplash-scaled-e1639236350885-300x290.jpg 300w, https:\/\/www.i-kicoaching.com\/wp-content\/uploads\/2021\/12\/toa-heftiba-4xe-yVFJCvw-unsplash-scaled-e1639236350885-1024x989.jpg 1024w, https:\/\/www.i-kicoaching.com\/wp-content\/uploads\/2021\/12\/toa-heftiba-4xe-yVFJCvw-unsplash-scaled-e1639236350885-768x742.jpg 768w, https:\/\/www.i-kicoaching.com\/wp-content\/uploads\/2021\/12\/toa-heftiba-4xe-yVFJCvw-unsplash-scaled-e1639236350885-1320x1275.jpg 1320w, https:\/\/www.i-kicoaching.com\/wp-content\/uploads\/2021\/12\/toa-heftiba-4xe-yVFJCvw-unsplash-scaled-e1639236350885-600x580.jpg 600w, https:\/\/www.i-kicoaching.com\/wp-content\/uploads\/2021\/12\/toa-heftiba-4xe-yVFJCvw-unsplash-scaled-e1639236350885.jpg 1497w\" sizes=\"(max-width: 101px) 100vw, 101px\" width=\"101\" height=\"98\"> Coaching de vie<\/h2>\n<p>La F\u00e9d\u00e9ration Internationale de Coaching (ICF) d\u00e9crit le coaching comme \u00ab un partenariat avec les clients dans un processus stimulant et cr\u00e9atif qui les incite \u00e0 maximiser leur potentiel personnel et professionnel \u00bb.<\/p>\n<p>Ce qui distingue le coaching du conseil et du mentorat, c&rsquo;est que le coach honore le client en tant qu&rsquo;expert de sa vie et croit fermement que chaque client est cr\u00e9atif et d\u00e9brouillard. Gr\u00e2ce \u00e0 une \u00e9coute active et \u00e0 un questionnement puissant, entre d\u2019autres techniques, le coach aide le client \u00e0 d\u00e9couvrir et \u00e0 clarifier ce qu&rsquo;il souhaite atteindre. Puis le coach s&rsquo;aligne sur les objectifs du client en encourageant la d\u00e9couverte de soi et l\u2019obtention des solutions et des strat\u00e9gies qui proviennent directement de la \u00ab bo\u00eete \u00e0 outils \u00bb du client.<\/p>\n<p>En ce qui concerne le suivi, l\u2019une des t\u00e2ches du coach est de tenir le client responsable de tout ce qui a \u00e9t\u00e9 convenu pendant la session et de l\u2019accompagner.<\/p>\n<p>Un coach de vie vous \u00e9coute de mani\u00e8re impartiale et vous pose des questions provocantes qui vous aident non seulement \u00e0 voir clairement ce qui vous pousse \u00e0 prendre des d\u00e9cisions ou \u00e0 r\u00e9p\u00e9ter des mod\u00e8les de comportement qui ne vous servent plus, mais aussi \u00e0 d\u00e9couvrir vos propres forces et faiblesses et \u00e0 les utiliser pour pouvoir atteindre n&rsquo;importe quel objectif; personnel, professionnel ou autre.<\/p>\n<p>Le coaching de vie est pour vous si:<\/p>\n<ul>\n<li>Vous voulez am\u00e9liorer votre vision de la vie, renforcer votre confiance et am\u00e9liorer vos relations<\/li>\n<li>Vous souhaitez d\u00e9velopper des diverses comp\u00e9tences et atteindre votre vrai potentiel.<\/li>\n<li>Vous \u00eates pr\u00eat \u00e0 passer \u00e0 l\u2019action, \u00e0 tenir les \u00ab&nbsp;promesses&nbsp;\u00bb que vous a fait \u00e0 vous-m\u00eames et \u00e0 \u00eatre suivi par une personne bienveillante qui ne veut que votre progr\u00e8s.<\/li>\n<li>Vous avez besoin de clarifier vos d\u00e9sirs et concevoir des actions et des solutions qui vous m\u00e8neront vers vos objectifs.<\/li>\n<li>Vous voulez des r\u00e9sultats durables.<\/li>\n<li>Vous avez atteint un stade de la vie o\u00f9 le changement est n\u00e9cessaire ou il ne se produit pas assez rapidement.<\/li>\n<li>Vous souhaitez trouver et concevoir vos propres outils personnels afin de devenir autonome dans tous les aspects de votre vie.<\/li>\n<\/ul>\n<p>Si vous \u00eates pr\u00eat \u00e0 consacrer du temps et de l&rsquo;\u00e9nergie \u00e0 apporter des changements, il ne vous reste qu&rsquo;une question \u00e0 vous poser :<\/p>\n<p><strong>\u00cates-vous pr\u00eat \u00e0 le faire?<\/strong><\/p>&nbsp;\t\t\t\t\t<\/div>\n\t\t\t\t\t\t<\/div>\n\t\t\t\t<\/div>\n\t\t\t\t<div class=\"elementor-element elementor-element-34b1e22 elementor-align-right elementor-widget elementor-widget-tm-button\" data-id=\"34b1e22\" data-element_type=\"widget\" data-widget_type=\"tm-button.default\">\n\t\t\t\t<div class=\"elementor-widget-container\">\n\t\t\t\t\t<div class=\"tm-button-wrapper\">\n\t\t\t<a href=\"\/fr\/Sessions\" class=\"tm-button-link tm-button style-flat tm-button-nm\" role=\"button\">\n\t\t\t\t\t\t<div class=\"button-content-wrapper\">\n\t\t\t\n\t\t\t\t\t\t\t<span class=\"button-text\">R\u00e9servez une session maintenant<\/span>\n\t\t\t\n\t\t\t\t\t<\/div>\n\t\t\n\t\t\t\t\t\t\t<\/a>\n\t\t<\/div>\n\t\t\t\t<\/div>\n\t\t\t\t<\/div>\n\t\t\t\t\t\t<\/div>\n\t\t\t\t\t<\/div>\n\t\t<\/div>\n\t\t\t\t<div class=\"elementor-column elementor-col-50 elementor-top-column elementor-element elementor-element-465a49a\" data-id=\"465a49a\" data-element_type=\"column\">\n\t\t\t<div class=\"elementor-column-wrap elementor-element-populated\">\n\t\t\t\t\t\t\t<div class=\"elementor-widget-wrap\">\n\t\t\t\t\t\t<div class=\"elementor-element elementor-element-b800c3a elementor-aspect-ratio-169 elementor-widget elementor-widget-video\" data-id=\"b800c3a\" data-element_type=\"widget\" data-settings=\"{&quot;youtube_url&quot;:&quot;https:\\\/\\\/youtu.be\\\/7qOPtWhAJpo&quot;,&quot;video_type&quot;:&quot;youtube&quot;,&quot;controls&quot;:&quot;yes&quot;,&quot;aspect_ratio&quot;:&quot;169&quot;}\" data-widget_type=\"video.default\">\n\t\t\t\t<div class=\"elementor-widget-container\">\n\t\t\t\t\t<div class=\"elementor-wrapper elementor-fit-aspect-ratio elementor-open-inline\">\n\t\t\t<div class=\"elementor-video\"><\/div>\t\t<\/div>\n\t\t\t\t<\/div>\n\t\t\t\t<\/div>\n\t\t\t\t<div class=\"elementor-element elementor-element-21b55d1 elementor-widget elementor-widget-image\" data-id=\"21b55d1\" data-element_type=\"widget\" data-widget_type=\"image.default\">\n\t\t\t\t<div class=\"elementor-widget-container\">\n\t\t\t\t\t\t\t\t<div class=\"elementor-image\">\n\t\t\t\t\t\t\t\t\t\t\t\t<img width=\"640\" height=\"494\" src=\"https:\/\/www.i-kicoaching.com\/wp-content\/uploads\/2023\/03\/icfcredentialcertificate__nficf_97090244-0c06-4fd2-ae11-63dff8fd1fa3322023_page-0001-1024x791.jpg\" class=\"attachment-large size-large\" alt=\"\" loading=\"lazy\" \/>\t\t\t\t\t\t\t\t\t\t\t\t\t\t<\/div>\n\t\t\t\t\t\t<\/div>\n\t\t\t\t<\/div>\n\t\t\t\t\t\t<\/div>\n\t\t\t\t\t<\/div>\n\t\t<\/div>\n\t\t\t\t\t\t\t\t<\/div>\n\t\t\t\t\t<\/div>\n\t\t<\/section>\n\t\t\t\t\t\t<\/div>\n\t\t\t\t\t\t<\/div>\n\t\t\t\t\t<\/div>\n\t\t","protected":false},"excerpt":{"rendered":"<p>Coaching de vie La F\u00e9d\u00e9ration Internationale de Coaching (ICF) d\u00e9crit le coaching comme \u00ab un partenariat avec les clients dans un processus stimulant et cr\u00e9atif qui les incite \u00e0 maximiser leur potentiel personnel et professionnel \u00bb. Ce qui distingue le coaching du conseil et du mentorat, c&rsquo;est que le coach honore le client en tant qu&rsquo;expert de sa vie et croit fermement que chaque client est cr\u00e9atif et d\u00e9brouillard. Gr\u00e2ce \u00e0 une \u00e9coute active et \u00e0 un questionnement puissant, entre d\u2019autres techniques, le coach aide le client \u00e0 d\u00e9couvrir et \u00e0 clarifier ce qu&rsquo;il souhaite atteindre. Puis le coach s&rsquo;aligne sur les objectifs du client en encourageant la d\u00e9couverte de soi et l\u2019obtention des solutions et des strat\u00e9gies qui proviennent directement de la \u00ab bo\u00eete \u00e0 outils \u00bb du client. En ce qui concerne le suivi, l\u2019une des t\u00e2ches du coach est de tenir le client responsable de tout ce qui a \u00e9t\u00e9 convenu pendant la session et de l\u2019accompagner. Un coach de vie vous \u00e9coute de mani\u00e8re impartiale et vous pose des questions provocantes qui vous aident non seulement \u00e0 voir clairement ce qui vous pousse \u00e0 prendre des d\u00e9cisions ou \u00e0 r\u00e9p\u00e9ter des mod\u00e8les de comportement qui ne vous servent plus, mais aussi \u00e0 d\u00e9couvrir vos propres forces et faiblesses et \u00e0 les utiliser pour pouvoir atteindre n&rsquo;importe quel objectif; personnel, professionnel ou autre. Le coaching de vie est pour vous si: Vous voulez am\u00e9liorer votre vision de la vie, renforcer votre confiance et am\u00e9liorer vos relations Vous souhaitez d\u00e9velopper des diverses comp\u00e9tences et atteindre votre vrai potentiel. Vous \u00eates pr\u00eat \u00e0 passer \u00e0 l\u2019action, \u00e0 tenir les \u00ab&nbsp;promesses&nbsp;\u00bb que vous a fait \u00e0 vous-m\u00eames et \u00e0 \u00eatre suivi par une personne bienveillante qui ne veut que votre progr\u00e8s. Vous avez besoin de clarifier vos d\u00e9sirs et concevoir des actions et des solutions qui vous m\u00e8neront vers vos objectifs. Vous voulez des r\u00e9sultats durables. Vous avez atteint un stade de la vie o\u00f9 le changement est n\u00e9cessaire ou il ne se produit pas assez rapidement. Vous souhaitez trouver et concevoir vos propres outils personnels afin de devenir autonome dans tous les aspects de votre vie. Si vous \u00eates pr\u00eat \u00e0 consacrer du temps et de l&rsquo;\u00e9nergie \u00e0 apporter des changements, il ne vous reste qu&rsquo;une question \u00e0 vous poser : \u00cates-vous pr\u00eat \u00e0 le faire? &nbsp; R\u00e9servez une session maintenant<\/p>\n","protected":false},"author":166,"featured_media":4689,"parent":0,"menu_order":0,"comment_status":"closed","ping_status":"closed","template":"","meta":{"pmpro_default_level":0},"yoast_head":"<!-- This site is optimized with the Yoast SEO Premium plugin v19.0.1 (Yoast SEO v19.4) - https:\/\/yoast.com\/wordpress\/plugins\/seo\/ -->\n<title>Life Coaching - i-KI Coaching<\/title>\n<meta name=\"robots\" content=\"index, follow, max-snippet:-1, max-image-preview:large, max-video-preview:-1\" \/>\n<link rel=\"canonical\" href=\"https:\/\/www.i-kicoaching.com\/fr\/life-coaching\/\" \/>\n<meta name=\"twitter:card\" content=\"summary_large_image\" \/>\n<meta name=\"twitter:title\" content=\"Life Coaching - i-KI Coaching\" \/>\n<meta name=\"twitter:description\" content=\"Coaching de vie La F\u00e9d\u00e9ration Internationale de Coaching (ICF) d\u00e9crit le coaching comme \u00ab un partenariat avec les clients dans un processus stimulant et cr\u00e9atif qui les incite \u00e0 maximiser leur potentiel personnel et professionnel \u00bb. Ce qui distingue le coaching du conseil et du mentorat, c&rsquo;est que le coach honore le client en tant qu&rsquo;expert de sa vie et croit fermement que chaque client est cr\u00e9atif et d\u00e9brouillard. Gr\u00e2ce \u00e0 une \u00e9coute active et \u00e0 un questionnement puissant, entre d\u2019autres techniques, le coach aide le client \u00e0 d\u00e9couvrir et \u00e0 clarifier ce qu&rsquo;il souhaite atteindre. Puis le coach s&rsquo;aligne sur les objectifs du client en encourageant la d\u00e9couverte de soi et l\u2019obtention des solutions et des strat\u00e9gies qui proviennent directement de la \u00ab bo\u00eete \u00e0 outils \u00bb du client. En ce qui concerne le suivi, l\u2019une des t\u00e2ches du coach est de tenir le client responsable de tout ce qui a \u00e9t\u00e9 convenu pendant la session et de l\u2019accompagner. Un coach de vie vous \u00e9coute de mani\u00e8re impartiale et vous pose des questions provocantes qui vous aident non seulement \u00e0 voir clairement ce qui vous pousse \u00e0 prendre des d\u00e9cisions ou \u00e0 r\u00e9p\u00e9ter des mod\u00e8les de comportement qui ne vous servent plus, mais aussi \u00e0 d\u00e9couvrir vos propres forces et faiblesses et \u00e0 les utiliser pour pouvoir atteindre n&rsquo;importe quel objectif; personnel, professionnel ou autre. Le coaching de vie est pour vous si: Vous voulez am\u00e9liorer votre vision de la vie, renforcer votre confiance et am\u00e9liorer vos relations Vous souhaitez d\u00e9velopper des diverses comp\u00e9tences et atteindre votre vrai potentiel. Vous \u00eates pr\u00eat \u00e0 passer \u00e0 l\u2019action, \u00e0 tenir les \u00ab&nbsp;promesses&nbsp;\u00bb que vous a fait \u00e0 vous-m\u00eames et \u00e0 \u00eatre suivi par une personne bienveillante qui ne veut que votre progr\u00e8s. Vous avez besoin de clarifier vos d\u00e9sirs et concevoir des actions et des solutions qui vous m\u00e8neront vers vos objectifs. Vous voulez des r\u00e9sultats durables. Vous avez atteint un stade de la vie o\u00f9 le changement est n\u00e9cessaire ou il ne se produit pas assez rapidement. Vous souhaitez trouver et concevoir vos propres outils personnels afin de devenir autonome dans tous les aspects de votre vie. Si vous \u00eates pr\u00eat \u00e0 consacrer du temps et de l&rsquo;\u00e9nergie \u00e0 apporter des changements, il ne vous reste qu&rsquo;une question \u00e0 vous poser : \u00cates-vous pr\u00eat \u00e0 le faire? &nbsp; R\u00e9servez une session maintenant\" \/>\n<meta name=\"twitter:image\" content=\"https:\/\/www.i-kicoaching.com\/wp-content\/uploads\/2021\/02\/coaching.jpeg\" \/>\n<meta name=\"twitter:label1\" content=\"Dur\u00e9e de lecture estim\u00e9e\" \/>\n\t<meta name=\"twitter:data1\" content=\"3 minutes\" \/>\n<script type=\"application\/ld+json\" class=\"yoast-schema-graph\">{\"@context\":\"https:\/\/schema.org\",\"@graph\":[{\"@type\":\"WebSite\",\"@id\":\"https:\/\/www.i-kicoaching.com\/#website\",\"url\":\"https:\/\/www.i-kicoaching.com\/\",\"name\":\"i-KI Coaching\",\"description\":\"\",\"potentialAction\":[{\"@type\":\"SearchAction\",\"target\":{\"@type\":\"EntryPoint\",\"urlTemplate\":\"https:\/\/www.i-kicoaching.com\/?s={search_term_string}\"},\"query-input\":\"required name=search_term_string\"}],\"inLanguage\":\"fr-FR\"},{\"@type\":\"WebPage\",\"@id\":\"https:\/\/www.i-kicoaching.com\/fr\/life-coaching\/\",\"url\":\"https:\/\/www.i-kicoaching.com\/fr\/life-coaching\/\",\"name\":\"Life Coaching - i-KI Coaching\",\"isPartOf\":{\"@id\":\"https:\/\/www.i-kicoaching.com\/#website\"},\"datePublished\":\"2021-04-18T19:12:21+00:00\",\"dateModified\":\"2023-03-05T20:02:33+00:00\",\"breadcrumb\":{\"@id\":\"https:\/\/www.i-kicoaching.com\/fr\/life-coaching\/#breadcrumb\"},\"inLanguage\":\"fr-FR\",\"potentialAction\":[{\"@type\":\"ReadAction\",\"target\":[\"https:\/\/www.i-kicoaching.com\/fr\/life-coaching\/\"]}]},{\"@type\":\"BreadcrumbList\",\"@id\":\"https:\/\/www.i-kicoaching.com\/fr\/life-coaching\/#breadcrumb\",\"itemListElement\":[{\"@type\":\"ListItem\",\"position\":1,\"name\":\"Home\",\"item\":\"https:\/\/www.i-kicoaching.com\/fr\/\"},{\"@type\":\"ListItem\",\"position\":2,\"name\":\"Life Coaching\"}]}]}<\/script>\n<!-- \/ Yoast SEO Premium plugin. -->","yoast_head_json":{"title":"Life Coaching - i-KI Coaching","robots":{"index":"index","follow":"follow","max-snippet":"max-snippet:-1","max-image-preview":"max-image-preview:large","max-video-preview":"max-video-preview:-1"},"canonical":"https:\/\/www.i-kicoaching.com\/fr\/life-coaching\/","twitter_card":"summary_large_image","twitter_title":"Life Coaching - i-KI Coaching","twitter_description":"Coaching de vie La F\u00e9d\u00e9ration Internationale de Coaching (ICF) d\u00e9crit le coaching comme \u00ab un partenariat avec les clients dans un processus stimulant et cr\u00e9atif qui les incite \u00e0 maximiser leur potentiel personnel et professionnel \u00bb. Ce qui distingue le coaching du conseil et du mentorat, c&rsquo;est que le coach honore le client en tant qu&rsquo;expert de sa vie et croit fermement que chaque client est cr\u00e9atif et d\u00e9brouillard. Gr\u00e2ce \u00e0 une \u00e9coute active et \u00e0 un questionnement puissant, entre d\u2019autres techniques, le coach aide le client \u00e0 d\u00e9couvrir et \u00e0 clarifier ce qu&rsquo;il souhaite atteindre. Puis le coach s&rsquo;aligne sur les objectifs du client en encourageant la d\u00e9couverte de soi et l\u2019obtention des solutions et des strat\u00e9gies qui proviennent directement de la \u00ab bo\u00eete \u00e0 outils \u00bb du client. En ce qui concerne le suivi, l\u2019une des t\u00e2ches du coach est de tenir le client responsable de tout ce qui a \u00e9t\u00e9 convenu pendant la session et de l\u2019accompagner. Un coach de vie vous \u00e9coute de mani\u00e8re impartiale et vous pose des questions provocantes qui vous aident non seulement \u00e0 voir clairement ce qui vous pousse \u00e0 prendre des d\u00e9cisions ou \u00e0 r\u00e9p\u00e9ter des mod\u00e8les de comportement qui ne vous servent plus, mais aussi \u00e0 d\u00e9couvrir vos propres forces et faiblesses et \u00e0 les utiliser pour pouvoir atteindre n&rsquo;importe quel objectif; personnel, professionnel ou autre. Le coaching de vie est pour vous si: Vous voulez am\u00e9liorer votre vision de la vie, renforcer votre confiance et am\u00e9liorer vos relations Vous souhaitez d\u00e9velopper des diverses comp\u00e9tences et atteindre votre vrai potentiel. Vous \u00eates pr\u00eat \u00e0 passer \u00e0 l\u2019action, \u00e0 tenir les \u00ab&nbsp;promesses&nbsp;\u00bb que vous a fait \u00e0 vous-m\u00eames et \u00e0 \u00eatre suivi par une personne bienveillante qui ne veut que votre progr\u00e8s. Vous avez besoin de clarifier vos d\u00e9sirs et concevoir des actions et des solutions qui vous m\u00e8neront vers vos objectifs. Vous voulez des r\u00e9sultats durables. Vous avez atteint un stade de la vie o\u00f9 le changement est n\u00e9cessaire ou il ne se produit pas assez rapidement. Vous souhaitez trouver et concevoir vos propres outils personnels afin de devenir autonome dans tous les aspects de votre vie. Si vous \u00eates pr\u00eat \u00e0 consacrer du temps et de l&rsquo;\u00e9nergie \u00e0 apporter des changements, il ne vous reste qu&rsquo;une question \u00e0 vous poser : \u00cates-vous pr\u00eat \u00e0 le faire? &nbsp; R\u00e9servez une session maintenant","twitter_image":"https:\/\/www.i-kicoaching.com\/wp-content\/uploads\/2021\/02\/coaching.jpeg","twitter_misc":{"Dur\u00e9e de lecture estim\u00e9e":"3 minutes"},"schema":{"@context":"https:\/\/schema.org","@graph":[{"@type":"WebSite","@id":"https:\/\/www.i-kicoaching.com\/#website","url":"https:\/\/www.i-kicoaching.com\/","name":"i-KI Coaching","description":"","potentialAction":[{"@type":"SearchAction","target":{"@type":"EntryPoint","urlTemplate":"https:\/\/www.i-kicoaching.com\/?s={search_term_string}"},"query-input":"required name=search_term_string"}],"inLanguage":"fr-FR"},{"@type":"WebPage","@id":"https:\/\/www.i-kicoaching.com\/fr\/life-coaching\/","url":"https:\/\/www.i-kicoaching.com\/fr\/life-coaching\/","name":"Life Coaching - i-KI Coaching","isPartOf":{"@id":"https:\/\/www.i-kicoaching.com\/#website"},"datePublished":"2021-04-18T19:12:21+00:00","dateModified":"2023-03-05T20:02:33+00:00","breadcrumb":{"@id":"https:\/\/www.i-kicoaching.com\/fr\/life-coaching\/#breadcrumb"},"inLanguage":"fr-FR","potentialAction":[{"@type":"ReadAction","target":["https:\/\/www.i-kicoaching.com\/fr\/life-coaching\/"]}]},{"@type":"BreadcrumbList","@id":"https:\/\/www.i-kicoaching.com\/fr\/life-coaching\/#breadcrumb","itemListElement":[{"@type":"ListItem","position":1,"name":"Home","item":"https:\/\/www.i-kicoaching.com\/fr\/"},{"@type":"ListItem","position":2,"name":"Life Coaching"}]}]}},"_links":{"self":[{"href":"https:\/\/www.i-kicoaching.com\/fr\/wp-json\/wp\/v2\/pages\/6017"}],"collection":[{"href":"https:\/\/www.i-kicoaching.com\/fr\/wp-json\/wp\/v2\/pages"}],"about":[{"href":"https:\/\/www.i-kicoaching.com\/fr\/wp-json\/wp\/v2\/types\/page"}],"author":[{"embeddable":true,"href":"https:\/\/www.i-kicoaching.com\/fr\/wp-json\/wp\/v2\/users\/166"}],"replies":[{"embeddable":true,"href":"https:\/\/www.i-kicoaching.com\/fr\/wp-json\/wp\/v2\/comments?post=6017"}],"version-history":[{"count":16,"href":"https:\/\/www.i-kicoaching.com\/fr\/wp-json\/wp\/v2\/pages\/6017\/revisions"}],"predecessor-version":[{"id":7914,"href":"https:\/\/www.i-kicoaching.com\/fr\/wp-json\/wp\/v2\/pages\/6017\/revisions\/7914"}],"wp:featuredmedia":[{"embeddable":true,"href":"https:\/\/www.i-kicoaching.com\/fr\/wp-json\/wp\/v2\/media\/4689"}],"wp:attachment":[{"href":"https:\/\/www.i-kicoaching.com\/fr\/wp-json\/wp\/v2\/media?parent=6017"}],"curies":[{"name":"wp","href":"https:\/\/api.w.org\/{rel}","templated":true}]}}