{"id":6032,"date":"2021-04-18T21:10:44","date_gmt":"2021-04-18T21:10:44","guid":{"rendered":"https:\/\/www.i-kicoaching.com\/?page_id=6032"},"modified":"2021-12-11T18:55:26","modified_gmt":"2021-12-11T15:55:26","slug":"reiki","status":"publish","type":"page","link":"https:\/\/www.i-kicoaching.com\/fr\/reiki\/","title":{"rendered":"Reiki"},"content":{"rendered":"\t\t<div data-elementor-type=\"wp-page\" data-elementor-id=\"6032\" class=\"elementor elementor-6032 elementor-5636\" data-elementor-settings=\"[]\">\n\t\t\t\t\t\t<div class=\"elementor-inner\">\n\t\t\t\t\t\t\t<div class=\"elementor-section-wrap\">\n\t\t\t\t\t\t\t<section class=\"elementor-section elementor-top-section elementor-element elementor-element-7d9ce79b elementor-section-boxed elementor-section-gap-beside-yes elementor-section-height-default elementor-section-height-default elementor-section-column-vertical-align-stretch\" data-id=\"7d9ce79b\" data-element_type=\"section\">\n\t\t\t\t\t\t<div class=\"elementor-container elementor-column-gap-extended\">\n\t\t\t\t\t\t\t<div class=\"elementor-row\">\n\t\t\t\t\t<div class=\"elementor-column elementor-col-50 elementor-top-column elementor-element elementor-element-7eea06a6\" data-id=\"7eea06a6\" data-element_type=\"column\">\n\t\t\t<div class=\"elementor-column-wrap elementor-element-populated\">\n\t\t\t\t\t\t\t<div class=\"elementor-widget-wrap\">\n\t\t\t\t\t\t<div class=\"elementor-element elementor-element-136e73cb elementor-widget elementor-widget-text-editor\" data-id=\"136e73cb\" data-element_type=\"widget\" data-widget_type=\"text-editor.default\">\n\t\t\t\t<div class=\"elementor-widget-container\">\n\t\t\t\t\t\t\t\t<div class=\"elementor-text-editor elementor-clearfix\">\n\t\t\t\t<h2><img loading=\"lazy\" style=\"vertical-align: middle;margin: 0;\" class=\"alignnone wp-image-6741 \" src=\"https:\/\/www.i-kicoaching.com\/wp-content\/uploads\/2021\/12\/EE8D9F0E-542A-4A2C-BD1A-6667C6A6D644-150x150.jpeg\" alt=\"\" width=\"101\" height=\"98\"> Reiki<\/h2>\nLe Reiki est une technique de gu\u00e9rison \u00e9nerg\u00e9tique japonaise pour la r\u00e9duction du stress et pour la relaxation qui favorise \u00e9galement la gu\u00e9rison physique et \u00e9motionnelle ainsi que le bien-\u00eatre. Il est originaire du Tibet et a \u00e9t\u00e9 red\u00e9couvert au 19\u00e8me si\u00e8cle par MIKAO USUI.\n\nLe mot Reiki se compose de deux mots japonais &#8211; Rei qui signifie \u00ab universel \u00bb et Ki qui est \u00ab \u00e9nergie de la force vitale \u00bb. Ainsi, le Reiki est en fait \u00ab l&rsquo;\u00e9nergie de la force vitale universelle \u00bb. C&rsquo;est une \u00e9nergie de conscience sup\u00e9rieure et d&rsquo;amour inconditionnel.\n\nAu cours d&rsquo;une s\u00e9ance de Reiki, les pratiquants placent leurs mains sur ou au-dessus du corps du receveur. Ainsi, ils transf\u00e8rent de l&rsquo;\u00e9nergie au receveur qui ressent de nombreux effets b\u00e9n\u00e9fiques qui incluent la relaxation et des sentiments de paix, de s\u00e9curit\u00e9 et de bien-\u00eatre. Nous pouvons pratiquer le Reiki non seulement sur d&rsquo;autres personnes, animaux, plantes et objets, mais aussi sur nous-m\u00eames.\n\nLe Reiki est une technique totalement naturelle et s\u00fbre car le corps n&rsquo;est en aucun cas manipul\u00e9. De plus, le praticien Reiki n&rsquo;administre aucun m\u00e9dicament, conseil di\u00e9t\u00e9tique ou compl\u00e9ment alimentaire. Le Reiki est propice \u00e0 la gu\u00e9rison et \u00e0 l&rsquo;am\u00e9lioration de soi simplement avec le placement des mains sur ou au-dessus du corps. Le Reiki peut compl\u00e9ter les traitements m\u00e9dicaux pour soulager le stress li\u00e9 \u00e0 la maladie, \u00e9liminer les effets secondaires et favoriser la gu\u00e9rison. Il est reconnu et utilis\u00e9 dans de nombreux h\u00f4pitaux renomm\u00e9s comme l\u2019h\u00f4pital Johns Hopkins aux \u00c9tats-Unis.\n\n(<a href=\"https:\/\/www.hopkinsmedicine.org\/integrative_medicine_digestive_center\/services\/reiki.html\">https:\/\/www.hopkinsmedicine.org\/integrative_medicine_digestive_center\/services\/reiki.html<\/a>)\n\nLe Reiki est tr\u00e8s facile \u00e0 apprendre et \u00e0 pratiquer car il est ind\u00e9pendant de nos croyances, de notre \u00e2ge, de notre sexe, de notre religion, de nos capacit\u00e9s intellectuelles, de notre formation et \/ ou de notre profession. Il ne n\u00e9cessite pas de \u00ab don \u00bb sp\u00e9cial non plus. Les gens de tous \u00e2ges et de tous horizons peuvent le faire. M\u00eame les enfants aussi jeunes que 7 ans peuvent apprendre et utiliser le Reiki.\n\nUne des diff\u00e9rences entre le Reiki et les autres techniques de gu\u00e9rison \u00e9nerg\u00e9tique est qu&rsquo;en plus de la formation n\u00e9cessaire, les \u00e9tudiants de Reiki re\u00e7oivent une \u00ab initiation \u00bb donn\u00e9e par un ma\u00eetre Reiki. C\u2019est gr\u00e2ce \u00e0 cette \u00ab initiation \u00bb que les pratiquants de Reiki peuvent acc\u00e9der et utiliser un approvisionnement illimit\u00e9 de \u00ab force vitale universelle \u00bb pour am\u00e9liorer leur propre sant\u00e9 physique et \u00e9motionnelle et celle des autres et pour am\u00e9liorer leur qualit\u00e9 de vie.\n\nContrairement \u00e0 certaines id\u00e9es fausses qui peuvent d\u00e9couler du fait que les pratiquants de Reiki devraient vivre selon certains id\u00e9aux moraux simples qui favorisent la paix int\u00e9rieure ainsi que la tol\u00e9rance, la compassion et l&rsquo;amour, le Reiki n&rsquo;est PAS une religion. Le Reiki est un voyage int\u00e9rieur vers la gu\u00e9rison et vers la paix int\u00e9rieure.\t\t\t\t\t<\/div>\n\t\t\t\t\t\t<\/div>\n\t\t\t\t<\/div>\n\t\t\t\t<div class=\"elementor-element elementor-element-64d80f8 elementor-align-right elementor-widget elementor-widget-tm-button\" data-id=\"64d80f8\" data-element_type=\"widget\" data-widget_type=\"tm-button.default\">\n\t\t\t\t<div class=\"elementor-widget-container\">\n\t\t\t\t\t<div class=\"tm-button-wrapper\">\n\t\t\t<a href=\"\/fr\/Sessions\" class=\"tm-button-link tm-button style-flat tm-button-nm\" role=\"button\">\n\t\t\t\t\t\t<div class=\"button-content-wrapper\">\n\t\t\t\n\t\t\t\t\t\t\t<span class=\"button-text\">R\u00e9servez une session maintenant<\/span>\n\t\t\t\n\t\t\t\t\t<\/div>\n\t\t\n\t\t\t\t\t\t\t<\/a>\n\t\t<\/div>\n\t\t\t\t<\/div>\n\t\t\t\t<\/div>\n\t\t\t\t\t\t<\/div>\n\t\t\t\t\t<\/div>\n\t\t<\/div>\n\t\t\t\t<div class=\"elementor-column elementor-col-50 elementor-top-column elementor-element elementor-element-3fd9e61\" data-id=\"3fd9e61\" data-element_type=\"column\">\n\t\t\t<div class=\"elementor-column-wrap elementor-element-populated\">\n\t\t\t\t\t\t\t<div class=\"elementor-widget-wrap\">\n\t\t\t\t\t\t<div class=\"elementor-element elementor-element-2ad09e2 elementor-aspect-ratio-169 elementor-widget elementor-widget-video\" data-id=\"2ad09e2\" data-element_type=\"widget\" data-settings=\"{&quot;youtube_url&quot;:&quot;https:\\\/\\\/www.youtube.com\\\/watch?v=7HTF-BF4KFg&quot;,&quot;video_type&quot;:&quot;youtube&quot;,&quot;controls&quot;:&quot;yes&quot;,&quot;aspect_ratio&quot;:&quot;169&quot;}\" data-widget_type=\"video.default\">\n\t\t\t\t<div class=\"elementor-widget-container\">\n\t\t\t\t\t<div class=\"elementor-wrapper elementor-fit-aspect-ratio elementor-open-inline\">\n\t\t\t<div class=\"elementor-video\"><\/div>\t\t<\/div>\n\t\t\t\t<\/div>\n\t\t\t\t<\/div>\n\t\t\t\t<div class=\"elementor-element elementor-element-b9613b5 elementor-widget elementor-widget-image\" data-id=\"b9613b5\" data-element_type=\"widget\" data-widget_type=\"image.default\">\n\t\t\t\t<div class=\"elementor-widget-container\">\n\t\t\t\t\t\t\t\t<div class=\"elementor-image\">\n\t\t\t\t\t\t\t\t\t\t\t\t<img width=\"640\" height=\"460\" src=\"https:\/\/www.i-kicoaching.com\/wp-content\/uploads\/2021\/03\/Reiki001-1024x736.jpg\" class=\"attachment-large size-large\" alt=\"\" loading=\"lazy\" \/>\t\t\t\t\t\t\t\t\t\t\t\t\t\t<\/div>\n\t\t\t\t\t\t<\/div>\n\t\t\t\t<\/div>\n\t\t\t\t\t\t<\/div>\n\t\t\t\t\t<\/div>\n\t\t<\/div>\n\t\t\t\t\t\t\t\t<\/div>\n\t\t\t\t\t<\/div>\n\t\t<\/section>\n\t\t\t\t\t\t<\/div>\n\t\t\t\t\t\t<\/div>\n\t\t\t\t\t<\/div>\n\t\t","protected":false},"excerpt":{"rendered":"<p>Reiki Le Reiki est une technique de gu\u00e9rison \u00e9nerg\u00e9tique japonaise pour la r\u00e9duction du stress et pour la relaxation qui favorise \u00e9galement la gu\u00e9rison physique et \u00e9motionnelle ainsi que le bien-\u00eatre. Il est originaire du Tibet et a \u00e9t\u00e9 red\u00e9couvert au 19\u00e8me si\u00e8cle par MIKAO USUI. Le mot Reiki se compose de deux mots japonais &#8211; Rei qui signifie \u00ab universel \u00bb et Ki qui est \u00ab \u00e9nergie de la force vitale \u00bb. Ainsi, le Reiki est en fait \u00ab l&rsquo;\u00e9nergie de la force vitale universelle \u00bb. C&rsquo;est une \u00e9nergie de conscience sup\u00e9rieure et d&rsquo;amour inconditionnel. Au cours d&rsquo;une s\u00e9ance de Reiki, les pratiquants placent leurs mains sur ou au-dessus du corps du receveur. Ainsi, ils transf\u00e8rent de l&rsquo;\u00e9nergie au receveur qui ressent de nombreux effets b\u00e9n\u00e9fiques qui incluent la relaxation et des sentiments de paix, de s\u00e9curit\u00e9 et de bien-\u00eatre. Nous pouvons pratiquer le Reiki non seulement sur d&rsquo;autres personnes, animaux, plantes et objets, mais aussi sur nous-m\u00eames. Le Reiki est une technique totalement naturelle et s\u00fbre car le corps n&rsquo;est en aucun cas manipul\u00e9. De plus, le praticien Reiki n&rsquo;administre aucun m\u00e9dicament, conseil di\u00e9t\u00e9tique ou compl\u00e9ment alimentaire. Le Reiki est propice \u00e0 la gu\u00e9rison et \u00e0 l&rsquo;am\u00e9lioration de soi simplement avec le placement des mains sur ou au-dessus du corps. Le Reiki peut compl\u00e9ter les traitements m\u00e9dicaux pour soulager le stress li\u00e9 \u00e0 la maladie, \u00e9liminer les effets secondaires et favoriser la gu\u00e9rison. Il est reconnu et utilis\u00e9 dans de nombreux h\u00f4pitaux renomm\u00e9s comme l\u2019h\u00f4pital Johns Hopkins aux \u00c9tats-Unis. (https:\/\/www.hopkinsmedicine.org\/integrative_medicine_digestive_center\/services\/reiki.html) Le Reiki est tr\u00e8s facile \u00e0 apprendre et \u00e0 pratiquer car il est ind\u00e9pendant de nos croyances, de notre \u00e2ge, de notre sexe, de notre religion, de nos capacit\u00e9s intellectuelles, de notre formation et \/ ou de notre profession. Il ne n\u00e9cessite pas de \u00ab don \u00bb sp\u00e9cial non plus. Les gens de tous \u00e2ges et de tous horizons peuvent le faire. M\u00eame les enfants aussi jeunes que 7 ans peuvent apprendre et utiliser le Reiki. Une des diff\u00e9rences entre le Reiki et les autres techniques de gu\u00e9rison \u00e9nerg\u00e9tique est qu&rsquo;en plus de la formation n\u00e9cessaire, les \u00e9tudiants de Reiki re\u00e7oivent une \u00ab initiation \u00bb donn\u00e9e par un ma\u00eetre Reiki. C\u2019est gr\u00e2ce \u00e0 cette \u00ab initiation \u00bb que les pratiquants de Reiki peuvent acc\u00e9der et utiliser un approvisionnement illimit\u00e9 de \u00ab force vitale universelle \u00bb pour am\u00e9liorer leur propre sant\u00e9 physique et \u00e9motionnelle et celle des autres et pour am\u00e9liorer leur qualit\u00e9 de vie. Contrairement \u00e0 certaines id\u00e9es fausses qui peuvent d\u00e9couler du fait que les pratiquants de Reiki devraient vivre selon certains id\u00e9aux moraux simples qui favorisent la paix int\u00e9rieure ainsi que la tol\u00e9rance, la compassion et l&rsquo;amour, le Reiki n&rsquo;est PAS une religion. Le Reiki est un voyage int\u00e9rieur vers la gu\u00e9rison et vers la paix int\u00e9rieure. R\u00e9servez une session maintenant<\/p>\n","protected":false},"author":166,"featured_media":4695,"parent":0,"menu_order":0,"comment_status":"closed","ping_status":"closed","template":"","meta":{"pmpro_default_level":0},"yoast_head":"<!-- This site is optimized with the Yoast SEO Premium plugin v19.0.1 (Yoast SEO v19.4) - https:\/\/yoast.com\/wordpress\/plugins\/seo\/ -->\n<title>Reiki - i-KI Coaching<\/title>\n<meta name=\"robots\" content=\"index, follow, max-snippet:-1, max-image-preview:large, max-video-preview:-1\" \/>\n<link rel=\"canonical\" href=\"https:\/\/www.i-kicoaching.com\/fr\/reiki\/\" \/>\n<meta name=\"twitter:card\" content=\"summary_large_image\" \/>\n<meta name=\"twitter:title\" content=\"Reiki - i-KI Coaching\" \/>\n<meta name=\"twitter:description\" content=\"Reiki Le Reiki est une technique de gu\u00e9rison \u00e9nerg\u00e9tique japonaise pour la r\u00e9duction du stress et pour la relaxation qui favorise \u00e9galement la gu\u00e9rison physique et \u00e9motionnelle ainsi que le bien-\u00eatre. Il est originaire du Tibet et a \u00e9t\u00e9 red\u00e9couvert au 19\u00e8me si\u00e8cle par MIKAO USUI. Le mot Reiki se compose de deux mots japonais &#8211; Rei qui signifie \u00ab universel \u00bb et Ki qui est \u00ab \u00e9nergie de la force vitale \u00bb. Ainsi, le Reiki est en fait \u00ab l&rsquo;\u00e9nergie de la force vitale universelle \u00bb. C&rsquo;est une \u00e9nergie de conscience sup\u00e9rieure et d&rsquo;amour inconditionnel. Au cours d&rsquo;une s\u00e9ance de Reiki, les pratiquants placent leurs mains sur ou au-dessus du corps du receveur. Ainsi, ils transf\u00e8rent de l&rsquo;\u00e9nergie au receveur qui ressent de nombreux effets b\u00e9n\u00e9fiques qui incluent la relaxation et des sentiments de paix, de s\u00e9curit\u00e9 et de bien-\u00eatre. Nous pouvons pratiquer le Reiki non seulement sur d&rsquo;autres personnes, animaux, plantes et objets, mais aussi sur nous-m\u00eames. Le Reiki est une technique totalement naturelle et s\u00fbre car le corps n&rsquo;est en aucun cas manipul\u00e9. De plus, le praticien Reiki n&rsquo;administre aucun m\u00e9dicament, conseil di\u00e9t\u00e9tique ou compl\u00e9ment alimentaire. Le Reiki est propice \u00e0 la gu\u00e9rison et \u00e0 l&rsquo;am\u00e9lioration de soi simplement avec le placement des mains sur ou au-dessus du corps. Le Reiki peut compl\u00e9ter les traitements m\u00e9dicaux pour soulager le stress li\u00e9 \u00e0 la maladie, \u00e9liminer les effets secondaires et favoriser la gu\u00e9rison. Il est reconnu et utilis\u00e9 dans de nombreux h\u00f4pitaux renomm\u00e9s comme l\u2019h\u00f4pital Johns Hopkins aux \u00c9tats-Unis. (https:\/\/www.hopkinsmedicine.org\/integrative_medicine_digestive_center\/services\/reiki.html) Le Reiki est tr\u00e8s facile \u00e0 apprendre et \u00e0 pratiquer car il est ind\u00e9pendant de nos croyances, de notre \u00e2ge, de notre sexe, de notre religion, de nos capacit\u00e9s intellectuelles, de notre formation et \/ ou de notre profession. Il ne n\u00e9cessite pas de \u00ab don \u00bb sp\u00e9cial non plus. Les gens de tous \u00e2ges et de tous horizons peuvent le faire. M\u00eame les enfants aussi jeunes que 7 ans peuvent apprendre et utiliser le Reiki. Une des diff\u00e9rences entre le Reiki et les autres techniques de gu\u00e9rison \u00e9nerg\u00e9tique est qu&rsquo;en plus de la formation n\u00e9cessaire, les \u00e9tudiants de Reiki re\u00e7oivent une \u00ab initiation \u00bb donn\u00e9e par un ma\u00eetre Reiki. C\u2019est gr\u00e2ce \u00e0 cette \u00ab initiation \u00bb que les pratiquants de Reiki peuvent acc\u00e9der et utiliser un approvisionnement illimit\u00e9 de \u00ab force vitale universelle \u00bb pour am\u00e9liorer leur propre sant\u00e9 physique et \u00e9motionnelle et celle des autres et pour am\u00e9liorer leur qualit\u00e9 de vie. Contrairement \u00e0 certaines id\u00e9es fausses qui peuvent d\u00e9couler du fait que les pratiquants de Reiki devraient vivre selon certains id\u00e9aux moraux simples qui favorisent la paix int\u00e9rieure ainsi que la tol\u00e9rance, la compassion et l&rsquo;amour, le Reiki n&rsquo;est PAS une religion. Le Reiki est un voyage int\u00e9rieur vers la gu\u00e9rison et vers la paix int\u00e9rieure. R\u00e9servez une session maintenant\" \/>\n<meta name=\"twitter:image\" content=\"https:\/\/www.i-kicoaching.com\/wp-content\/uploads\/2021\/02\/reiki.jpeg\" \/>\n<meta name=\"twitter:label1\" content=\"Dur\u00e9e de lecture estim\u00e9e\" \/>\n\t<meta name=\"twitter:data1\" content=\"3 minutes\" \/>\n<script type=\"application\/ld+json\" class=\"yoast-schema-graph\">{\"@context\":\"https:\/\/schema.org\",\"@graph\":[{\"@type\":\"WebSite\",\"@id\":\"https:\/\/www.i-kicoaching.com\/#website\",\"url\":\"https:\/\/www.i-kicoaching.com\/\",\"name\":\"i-KI Coaching\",\"description\":\"\",\"potentialAction\":[{\"@type\":\"SearchAction\",\"target\":{\"@type\":\"EntryPoint\",\"urlTemplate\":\"https:\/\/www.i-kicoaching.com\/?s={search_term_string}\"},\"query-input\":\"required name=search_term_string\"}],\"inLanguage\":\"fr-FR\"},{\"@type\":\"WebPage\",\"@id\":\"https:\/\/www.i-kicoaching.com\/fr\/reiki\/\",\"url\":\"https:\/\/www.i-kicoaching.com\/fr\/reiki\/\",\"name\":\"Reiki - i-KI Coaching\",\"isPartOf\":{\"@id\":\"https:\/\/www.i-kicoaching.com\/#website\"},\"datePublished\":\"2021-04-18T21:10:44+00:00\",\"dateModified\":\"2021-12-11T15:55:26+00:00\",\"breadcrumb\":{\"@id\":\"https:\/\/www.i-kicoaching.com\/fr\/reiki\/#breadcrumb\"},\"inLanguage\":\"fr-FR\",\"potentialAction\":[{\"@type\":\"ReadAction\",\"target\":[\"https:\/\/www.i-kicoaching.com\/fr\/reiki\/\"]}]},{\"@type\":\"BreadcrumbList\",\"@id\":\"https:\/\/www.i-kicoaching.com\/fr\/reiki\/#breadcrumb\",\"itemListElement\":[{\"@type\":\"ListItem\",\"position\":1,\"name\":\"Home\",\"item\":\"https:\/\/www.i-kicoaching.com\/fr\/\"},{\"@type\":\"ListItem\",\"position\":2,\"name\":\"Reiki\"}]}]}<\/script>\n<!-- \/ Yoast SEO Premium plugin. -->","yoast_head_json":{"title":"Reiki - i-KI Coaching","robots":{"index":"index","follow":"follow","max-snippet":"max-snippet:-1","max-image-preview":"max-image-preview:large","max-video-preview":"max-video-preview:-1"},"canonical":"https:\/\/www.i-kicoaching.com\/fr\/reiki\/","twitter_card":"summary_large_image","twitter_title":"Reiki - i-KI Coaching","twitter_description":"Reiki Le Reiki est une technique de gu\u00e9rison \u00e9nerg\u00e9tique japonaise pour la r\u00e9duction du stress et pour la relaxation qui favorise \u00e9galement la gu\u00e9rison physique et \u00e9motionnelle ainsi que le bien-\u00eatre. Il est originaire du Tibet et a \u00e9t\u00e9 red\u00e9couvert au 19\u00e8me si\u00e8cle par MIKAO USUI. Le mot Reiki se compose de deux mots japonais &#8211; Rei qui signifie \u00ab universel \u00bb et Ki qui est \u00ab \u00e9nergie de la force vitale \u00bb. Ainsi, le Reiki est en fait \u00ab l&rsquo;\u00e9nergie de la force vitale universelle \u00bb. C&rsquo;est une \u00e9nergie de conscience sup\u00e9rieure et d&rsquo;amour inconditionnel. Au cours d&rsquo;une s\u00e9ance de Reiki, les pratiquants placent leurs mains sur ou au-dessus du corps du receveur. Ainsi, ils transf\u00e8rent de l&rsquo;\u00e9nergie au receveur qui ressent de nombreux effets b\u00e9n\u00e9fiques qui incluent la relaxation et des sentiments de paix, de s\u00e9curit\u00e9 et de bien-\u00eatre. Nous pouvons pratiquer le Reiki non seulement sur d&rsquo;autres personnes, animaux, plantes et objets, mais aussi sur nous-m\u00eames. Le Reiki est une technique totalement naturelle et s\u00fbre car le corps n&rsquo;est en aucun cas manipul\u00e9. De plus, le praticien Reiki n&rsquo;administre aucun m\u00e9dicament, conseil di\u00e9t\u00e9tique ou compl\u00e9ment alimentaire. Le Reiki est propice \u00e0 la gu\u00e9rison et \u00e0 l&rsquo;am\u00e9lioration de soi simplement avec le placement des mains sur ou au-dessus du corps. Le Reiki peut compl\u00e9ter les traitements m\u00e9dicaux pour soulager le stress li\u00e9 \u00e0 la maladie, \u00e9liminer les effets secondaires et favoriser la gu\u00e9rison. Il est reconnu et utilis\u00e9 dans de nombreux h\u00f4pitaux renomm\u00e9s comme l\u2019h\u00f4pital Johns Hopkins aux \u00c9tats-Unis. (https:\/\/www.hopkinsmedicine.org\/integrative_medicine_digestive_center\/services\/reiki.html) Le Reiki est tr\u00e8s facile \u00e0 apprendre et \u00e0 pratiquer car il est ind\u00e9pendant de nos croyances, de notre \u00e2ge, de notre sexe, de notre religion, de nos capacit\u00e9s intellectuelles, de notre formation et \/ ou de notre profession. Il ne n\u00e9cessite pas de \u00ab don \u00bb sp\u00e9cial non plus. Les gens de tous \u00e2ges et de tous horizons peuvent le faire. M\u00eame les enfants aussi jeunes que 7 ans peuvent apprendre et utiliser le Reiki. Une des diff\u00e9rences entre le Reiki et les autres techniques de gu\u00e9rison \u00e9nerg\u00e9tique est qu&rsquo;en plus de la formation n\u00e9cessaire, les \u00e9tudiants de Reiki re\u00e7oivent une \u00ab initiation \u00bb donn\u00e9e par un ma\u00eetre Reiki. C\u2019est gr\u00e2ce \u00e0 cette \u00ab initiation \u00bb que les pratiquants de Reiki peuvent acc\u00e9der et utiliser un approvisionnement illimit\u00e9 de \u00ab force vitale universelle \u00bb pour am\u00e9liorer leur propre sant\u00e9 physique et \u00e9motionnelle et celle des autres et pour am\u00e9liorer leur qualit\u00e9 de vie. Contrairement \u00e0 certaines id\u00e9es fausses qui peuvent d\u00e9couler du fait que les pratiquants de Reiki devraient vivre selon certains id\u00e9aux moraux simples qui favorisent la paix int\u00e9rieure ainsi que la tol\u00e9rance, la compassion et l&rsquo;amour, le Reiki n&rsquo;est PAS une religion. Le Reiki est un voyage int\u00e9rieur vers la gu\u00e9rison et vers la paix int\u00e9rieure. R\u00e9servez une session maintenant","twitter_image":"https:\/\/www.i-kicoaching.com\/wp-content\/uploads\/2021\/02\/reiki.jpeg","twitter_misc":{"Dur\u00e9e de lecture estim\u00e9e":"3 minutes"},"schema":{"@context":"https:\/\/schema.org","@graph":[{"@type":"WebSite","@id":"https:\/\/www.i-kicoaching.com\/#website","url":"https:\/\/www.i-kicoaching.com\/","name":"i-KI Coaching","description":"","potentialAction":[{"@type":"SearchAction","target":{"@type":"EntryPoint","urlTemplate":"https:\/\/www.i-kicoaching.com\/?s={search_term_string}"},"query-input":"required name=search_term_string"}],"inLanguage":"fr-FR"},{"@type":"WebPage","@id":"https:\/\/www.i-kicoaching.com\/fr\/reiki\/","url":"https:\/\/www.i-kicoaching.com\/fr\/reiki\/","name":"Reiki - i-KI Coaching","isPartOf":{"@id":"https:\/\/www.i-kicoaching.com\/#website"},"datePublished":"2021-04-18T21:10:44+00:00","dateModified":"2021-12-11T15:55:26+00:00","breadcrumb":{"@id":"https:\/\/www.i-kicoaching.com\/fr\/reiki\/#breadcrumb"},"inLanguage":"fr-FR","potentialAction":[{"@type":"ReadAction","target":["https:\/\/www.i-kicoaching.com\/fr\/reiki\/"]}]},{"@type":"BreadcrumbList","@id":"https:\/\/www.i-kicoaching.com\/fr\/reiki\/#breadcrumb","itemListElement":[{"@type":"ListItem","position":1,"name":"Home","item":"https:\/\/www.i-kicoaching.com\/fr\/"},{"@type":"ListItem","position":2,"name":"Reiki"}]}]}},"_links":{"self":[{"href":"https:\/\/www.i-kicoaching.com\/fr\/wp-json\/wp\/v2\/pages\/6032"}],"collection":[{"href":"https:\/\/www.i-kicoaching.com\/fr\/wp-json\/wp\/v2\/pages"}],"about":[{"href":"https:\/\/www.i-kicoaching.com\/fr\/wp-json\/wp\/v2\/types\/page"}],"author":[{"embeddable":true,"href":"https:\/\/www.i-kicoaching.com\/fr\/wp-json\/wp\/v2\/users\/166"}],"replies":[{"embeddable":true,"href":"https:\/\/www.i-kicoaching.com\/fr\/wp-json\/wp\/v2\/comments?post=6032"}],"version-history":[{"count":13,"href":"https:\/\/www.i-kicoaching.com\/fr\/wp-json\/wp\/v2\/pages\/6032\/revisions"}],"predecessor-version":[{"id":6767,"href":"https:\/\/www.i-kicoaching.com\/fr\/wp-json\/wp\/v2\/pages\/6032\/revisions\/6767"}],"wp:featuredmedia":[{"embeddable":true,"href":"https:\/\/www.i-kicoaching.com\/fr\/wp-json\/wp\/v2\/media\/4695"}],"wp:attachment":[{"href":"https:\/\/www.i-kicoaching.com\/fr\/wp-json\/wp\/v2\/media?parent=6032"}],"curies":[{"name":"wp","href":"https:\/\/api.w.org\/{rel}","templated":true}]}}