{"id":6065,"date":"2021-04-18T21:31:30","date_gmt":"2021-04-18T21:31:30","guid":{"rendered":"https:\/\/www.i-kicoaching.com\/?page_id=6065"},"modified":"2021-04-23T23:26:45","modified_gmt":"2021-04-23T23:26:45","slug":"lenneagramme","status":"publish","type":"page","link":"https:\/\/www.i-kicoaching.com\/fr\/lenneagramme\/","title":{"rendered":"L&rsquo;enn\u00e9agramme"},"content":{"rendered":"\t\t<div data-elementor-type=\"wp-page\" data-elementor-id=\"6065\" class=\"elementor elementor-6065 elementor-5627\" data-elementor-settings=\"[]\">\n\t\t\t\t\t\t<div class=\"elementor-inner\">\n\t\t\t\t\t\t\t<div class=\"elementor-section-wrap\">\n\t\t\t\t\t\t\t<section class=\"elementor-section elementor-top-section elementor-element elementor-element-4a501163 elementor-section-boxed elementor-section-gap-beside-yes elementor-section-height-default elementor-section-height-default elementor-section-column-vertical-align-stretch\" data-id=\"4a501163\" data-element_type=\"section\">\n\t\t\t\t\t\t<div class=\"elementor-container elementor-column-gap-extended\">\n\t\t\t\t\t\t\t<div class=\"elementor-row\">\n\t\t\t\t\t<div class=\"elementor-column elementor-col-50 elementor-top-column elementor-element elementor-element-5f98d887\" data-id=\"5f98d887\" data-element_type=\"column\">\n\t\t\t<div class=\"elementor-column-wrap elementor-element-populated\">\n\t\t\t\t\t\t\t<div class=\"elementor-widget-wrap\">\n\t\t\t\t\t\t<div class=\"elementor-element elementor-element-46033cf1 elementor-widget elementor-widget-text-editor\" data-id=\"46033cf1\" data-element_type=\"widget\" data-widget_type=\"text-editor.default\">\n\t\t\t\t<div class=\"elementor-widget-container\">\n\t\t\t\t\t\t\t\t<div class=\"elementor-text-editor elementor-clearfix\">\n\t\t\t\t<h2>L&rsquo;enn\u00e9agramme<\/h2><p>L&rsquo;Enn\u00e9agramme est une m\u00e9thode qui nous aide \u00e0 nous conna\u00eetre et \u00e0 nous comprendre nous-m\u00eames et les autres en d\u00e9crivant 9 types de personnalit\u00e9 de base, chacun percevant le monde \u00e0 travers ses propres \u00ab lunettes \u00bb et traitant ses \u00e9motions et communiquant avec les autres \u00e0 sa mani\u00e8re. Cela nous aide \u00e9galement \u00e0 comprendre l&rsquo;interaction entre les diff\u00e9rents types de personnalit\u00e9 et favorise et facilite la compr\u00e9hension et l\u2019acceptation.<\/p><p>L&rsquo;origine de l&rsquo;Enn\u00e9agramme ainsi que son nom vient du grec. \u00ab Enn\u00e9a \u00bb signifie neuf en grec et Gramma qui est quelque chose de dessin\u00e9 ou d&rsquo;\u00e9crit.<\/p><p>Comprendre notre type d&rsquo;Enn\u00e9agramme nous aide \u00e0 voir pourquoi nous nous comportons comme ceci ou comme cela, quelles sont nos vertus et quelles sont nos compulsions. Chaque type a un syst\u00e8me de croyance qui le motive \u00e0 agir d&rsquo;une certaine mani\u00e8re et \u00e0 prendre certaines d\u00e9cisions.<\/p><p>L&rsquo;Enn\u00e9agramme nous aide \u00e9galement \u00e0 comprendre comment nous r\u00e9agissons au stress et nous offre des opportunit\u00e9s de d\u00e9veloppement personnel.<\/p><p>Beaucoup pourraient penser que les milliards de personnes sur Terre ne peuvent pas appartenir \u00e0 seulement 9 types de personnalit\u00e9. Ce que ces gens ne savent pas, c&rsquo;est que de nombreux autres \u00e9l\u00e9ments et nuances sont pris en compte, ce qui conduit \u00e0 de nombreuses combinaisons qui peuvent d\u00e9crire chacun d&rsquo;entre nous avec pr\u00e9cision.<\/p><p>Personnellement, je vois l&rsquo;Enn\u00e9agramme comme une \u00e9p\u00e9e \u00e0 double tranchant. Cela peut \u00eatre un outil incroyable entre les mains de ceux qui recherchent vraiment un d\u00e9veloppement personnel et, en m\u00eame temps, une excuse pour ceux qui sont fig\u00e9s dans leurs voies et r\u00e9sistent \u00e0 l&rsquo;\u00e9volution spirituelle car ils peuvent se cacher derri\u00e8re la description de leur type et dire : \u00ab Je ne peux pas me comporter diff\u00e9remment. C&rsquo;est dans ma nature\u2026 \u00bb<\/p><p>\u00a0<\/p>\t\t\t\t\t<\/div>\n\t\t\t\t\t\t<\/div>\n\t\t\t\t<\/div>\n\t\t\t\t<div class=\"elementor-element elementor-element-55347f7 elementor-align-right elementor-widget elementor-widget-tm-button\" data-id=\"55347f7\" data-element_type=\"widget\" data-widget_type=\"tm-button.default\">\n\t\t\t\t<div class=\"elementor-widget-container\">\n\t\t\t\t\t<div class=\"tm-button-wrapper\">\n\t\t\t<a href=\"\/fr\/Sessions\" class=\"tm-button-link tm-button style-flat tm-button-nm\" role=\"button\">\n\t\t\t\t\t\t<div class=\"button-content-wrapper\">\n\t\t\t\n\t\t\t\t\t\t\t<span class=\"button-text\">R\u00e9servez une session maintenant<\/span>\n\t\t\t\n\t\t\t\t\t<\/div>\n\t\t\n\t\t\t\t\t\t\t<\/a>\n\t\t<\/div>\n\t\t\t\t<\/div>\n\t\t\t\t<\/div>\n\t\t\t\t\t\t<\/div>\n\t\t\t\t\t<\/div>\n\t\t<\/div>\n\t\t\t\t<div class=\"elementor-column elementor-col-50 elementor-top-column elementor-element elementor-element-5dd075c\" data-id=\"5dd075c\" data-element_type=\"column\">\n\t\t\t<div class=\"elementor-column-wrap elementor-element-populated\">\n\t\t\t\t\t\t\t<div class=\"elementor-widget-wrap\">\n\t\t\t\t\t\t<div class=\"elementor-element elementor-element-f229dcc elementor-widget elementor-widget-image\" data-id=\"f229dcc\" data-element_type=\"widget\" data-widget_type=\"image.default\">\n\t\t\t\t<div class=\"elementor-widget-container\">\n\t\t\t\t\t\t\t\t<div class=\"elementor-image\">\n\t\t\t\t\t\t\t\t\t\t\t\t<img width=\"640\" height=\"464\" src=\"https:\/\/www.i-kicoaching.com\/wp-content\/uploads\/2021\/02\/Enneagram.jpeg\" class=\"attachment-large size-large\" alt=\"\" loading=\"lazy\" \/>\t\t\t\t\t\t\t\t\t\t\t\t\t\t<\/div>\n\t\t\t\t\t\t<\/div>\n\t\t\t\t<\/div>\n\t\t\t\t\t\t<\/div>\n\t\t\t\t\t<\/div>\n\t\t<\/div>\n\t\t\t\t\t\t\t\t<\/div>\n\t\t\t\t\t<\/div>\n\t\t<\/section>\n\t\t\t\t\t\t<\/div>\n\t\t\t\t\t\t<\/div>\n\t\t\t\t\t<\/div>\n\t\t","protected":false},"excerpt":{"rendered":"<p>L&rsquo;enn\u00e9agramme L&rsquo;Enn\u00e9agramme est une m\u00e9thode qui nous aide \u00e0 nous conna\u00eetre et \u00e0 nous comprendre nous-m\u00eames et les autres en d\u00e9crivant 9 types de personnalit\u00e9 de base, chacun percevant le monde \u00e0 travers ses propres \u00ab lunettes \u00bb et traitant ses \u00e9motions et communiquant avec les autres \u00e0 sa mani\u00e8re. Cela nous aide \u00e9galement \u00e0 comprendre l&rsquo;interaction entre les diff\u00e9rents types de personnalit\u00e9 et favorise et facilite la compr\u00e9hension et l\u2019acceptation. L&rsquo;origine de l&rsquo;Enn\u00e9agramme ainsi que son nom vient du grec. \u00ab Enn\u00e9a \u00bb signifie neuf en grec et Gramma qui est quelque chose de dessin\u00e9 ou d&rsquo;\u00e9crit. Comprendre notre type d&rsquo;Enn\u00e9agramme nous aide \u00e0 voir pourquoi nous nous comportons comme ceci ou comme cela, quelles sont nos vertus et quelles sont nos compulsions. Chaque type a un syst\u00e8me de croyance qui le motive \u00e0 agir d&rsquo;une certaine mani\u00e8re et \u00e0 prendre certaines d\u00e9cisions. L&rsquo;Enn\u00e9agramme nous aide \u00e9galement \u00e0 comprendre comment nous r\u00e9agissons au stress et nous offre des opportunit\u00e9s de d\u00e9veloppement personnel. Beaucoup pourraient penser que les milliards de personnes sur Terre ne peuvent pas appartenir \u00e0 seulement 9 types de personnalit\u00e9. Ce que ces gens ne savent pas, c&rsquo;est que de nombreux autres \u00e9l\u00e9ments et nuances sont pris en compte, ce qui conduit \u00e0 de nombreuses combinaisons qui peuvent d\u00e9crire chacun d&rsquo;entre nous avec pr\u00e9cision. Personnellement, je vois l&rsquo;Enn\u00e9agramme comme une \u00e9p\u00e9e \u00e0 double tranchant. Cela peut \u00eatre un outil incroyable entre les mains de ceux qui recherchent vraiment un d\u00e9veloppement personnel et, en m\u00eame temps, une excuse pour ceux qui sont fig\u00e9s dans leurs voies et r\u00e9sistent \u00e0 l&rsquo;\u00e9volution spirituelle car ils peuvent se cacher derri\u00e8re la description de leur type et dire : \u00ab Je ne peux pas me comporter diff\u00e9remment. C&rsquo;est dans ma nature\u2026 \u00bb \u00a0 R\u00e9servez une session maintenant<\/p>\n","protected":false},"author":166,"featured_media":5362,"parent":0,"menu_order":0,"comment_status":"closed","ping_status":"closed","template":"","meta":{"pmpro_default_level":0},"yoast_head":"<!-- This site is optimized with the Yoast SEO Premium plugin v19.0.1 (Yoast SEO v19.4) - https:\/\/yoast.com\/wordpress\/plugins\/seo\/ -->\n<title>L&#039;enn\u00e9agramme - i-KI Coaching<\/title>\n<meta name=\"robots\" content=\"index, follow, max-snippet:-1, max-image-preview:large, max-video-preview:-1\" \/>\n<link rel=\"canonical\" href=\"https:\/\/www.i-kicoaching.com\/fr\/lenneagramme\/\" \/>\n<meta name=\"twitter:card\" content=\"summary_large_image\" \/>\n<meta name=\"twitter:title\" content=\"L&#039;enn\u00e9agramme - i-KI Coaching\" \/>\n<meta name=\"twitter:description\" content=\"L&rsquo;enn\u00e9agramme L&rsquo;Enn\u00e9agramme est une m\u00e9thode qui nous aide \u00e0 nous conna\u00eetre et \u00e0 nous comprendre nous-m\u00eames et les autres en d\u00e9crivant 9 types de personnalit\u00e9 de base, chacun percevant le monde \u00e0 travers ses propres \u00ab lunettes \u00bb et traitant ses \u00e9motions et communiquant avec les autres \u00e0 sa mani\u00e8re. Cela nous aide \u00e9galement \u00e0 comprendre l&rsquo;interaction entre les diff\u00e9rents types de personnalit\u00e9 et favorise et facilite la compr\u00e9hension et l\u2019acceptation. L&rsquo;origine de l&rsquo;Enn\u00e9agramme ainsi que son nom vient du grec. \u00ab Enn\u00e9a \u00bb signifie neuf en grec et Gramma qui est quelque chose de dessin\u00e9 ou d&rsquo;\u00e9crit. Comprendre notre type d&rsquo;Enn\u00e9agramme nous aide \u00e0 voir pourquoi nous nous comportons comme ceci ou comme cela, quelles sont nos vertus et quelles sont nos compulsions. Chaque type a un syst\u00e8me de croyance qui le motive \u00e0 agir d&rsquo;une certaine mani\u00e8re et \u00e0 prendre certaines d\u00e9cisions. L&rsquo;Enn\u00e9agramme nous aide \u00e9galement \u00e0 comprendre comment nous r\u00e9agissons au stress et nous offre des opportunit\u00e9s de d\u00e9veloppement personnel. Beaucoup pourraient penser que les milliards de personnes sur Terre ne peuvent pas appartenir \u00e0 seulement 9 types de personnalit\u00e9. Ce que ces gens ne savent pas, c&rsquo;est que de nombreux autres \u00e9l\u00e9ments et nuances sont pris en compte, ce qui conduit \u00e0 de nombreuses combinaisons qui peuvent d\u00e9crire chacun d&rsquo;entre nous avec pr\u00e9cision. Personnellement, je vois l&rsquo;Enn\u00e9agramme comme une \u00e9p\u00e9e \u00e0 double tranchant. Cela peut \u00eatre un outil incroyable entre les mains de ceux qui recherchent vraiment un d\u00e9veloppement personnel et, en m\u00eame temps, une excuse pour ceux qui sont fig\u00e9s dans leurs voies et r\u00e9sistent \u00e0 l&rsquo;\u00e9volution spirituelle car ils peuvent se cacher derri\u00e8re la description de leur type et dire : \u00ab Je ne peux pas me comporter diff\u00e9remment. C&rsquo;est dans ma nature\u2026 \u00bb \u00a0 R\u00e9servez une session maintenant\" \/>\n<meta name=\"twitter:image\" content=\"https:\/\/www.i-kicoaching.com\/wp-content\/uploads\/2021\/02\/Enneagram.jpeg\" \/>\n<meta name=\"twitter:label1\" content=\"Dur\u00e9e de lecture estim\u00e9e\" \/>\n\t<meta name=\"twitter:data1\" content=\"2 minutes\" \/>\n<script type=\"application\/ld+json\" class=\"yoast-schema-graph\">{\"@context\":\"https:\/\/schema.org\",\"@graph\":[{\"@type\":\"WebSite\",\"@id\":\"https:\/\/www.i-kicoaching.com\/#website\",\"url\":\"https:\/\/www.i-kicoaching.com\/\",\"name\":\"i-KI Coaching\",\"description\":\"\",\"potentialAction\":[{\"@type\":\"SearchAction\",\"target\":{\"@type\":\"EntryPoint\",\"urlTemplate\":\"https:\/\/www.i-kicoaching.com\/?s={search_term_string}\"},\"query-input\":\"required name=search_term_string\"}],\"inLanguage\":\"fr-FR\"},{\"@type\":\"WebPage\",\"@id\":\"https:\/\/www.i-kicoaching.com\/fr\/lenneagramme\/\",\"url\":\"https:\/\/www.i-kicoaching.com\/fr\/lenneagramme\/\",\"name\":\"L'enn\u00e9agramme - i-KI Coaching\",\"isPartOf\":{\"@id\":\"https:\/\/www.i-kicoaching.com\/#website\"},\"datePublished\":\"2021-04-18T21:31:30+00:00\",\"dateModified\":\"2021-04-23T23:26:45+00:00\",\"breadcrumb\":{\"@id\":\"https:\/\/www.i-kicoaching.com\/fr\/lenneagramme\/#breadcrumb\"},\"inLanguage\":\"fr-FR\",\"potentialAction\":[{\"@type\":\"ReadAction\",\"target\":[\"https:\/\/www.i-kicoaching.com\/fr\/lenneagramme\/\"]}]},{\"@type\":\"BreadcrumbList\",\"@id\":\"https:\/\/www.i-kicoaching.com\/fr\/lenneagramme\/#breadcrumb\",\"itemListElement\":[{\"@type\":\"ListItem\",\"position\":1,\"name\":\"Home\",\"item\":\"https:\/\/www.i-kicoaching.com\/fr\/\"},{\"@type\":\"ListItem\",\"position\":2,\"name\":\"L&#8217;enn\u00e9agramme\"}]}]}<\/script>\n<!-- \/ Yoast SEO Premium plugin. -->","yoast_head_json":{"title":"L'enn\u00e9agramme - i-KI Coaching","robots":{"index":"index","follow":"follow","max-snippet":"max-snippet:-1","max-image-preview":"max-image-preview:large","max-video-preview":"max-video-preview:-1"},"canonical":"https:\/\/www.i-kicoaching.com\/fr\/lenneagramme\/","twitter_card":"summary_large_image","twitter_title":"L'enn\u00e9agramme - i-KI Coaching","twitter_description":"L&rsquo;enn\u00e9agramme L&rsquo;Enn\u00e9agramme est une m\u00e9thode qui nous aide \u00e0 nous conna\u00eetre et \u00e0 nous comprendre nous-m\u00eames et les autres en d\u00e9crivant 9 types de personnalit\u00e9 de base, chacun percevant le monde \u00e0 travers ses propres \u00ab lunettes \u00bb et traitant ses \u00e9motions et communiquant avec les autres \u00e0 sa mani\u00e8re. Cela nous aide \u00e9galement \u00e0 comprendre l&rsquo;interaction entre les diff\u00e9rents types de personnalit\u00e9 et favorise et facilite la compr\u00e9hension et l\u2019acceptation. L&rsquo;origine de l&rsquo;Enn\u00e9agramme ainsi que son nom vient du grec. \u00ab Enn\u00e9a \u00bb signifie neuf en grec et Gramma qui est quelque chose de dessin\u00e9 ou d&rsquo;\u00e9crit. Comprendre notre type d&rsquo;Enn\u00e9agramme nous aide \u00e0 voir pourquoi nous nous comportons comme ceci ou comme cela, quelles sont nos vertus et quelles sont nos compulsions. Chaque type a un syst\u00e8me de croyance qui le motive \u00e0 agir d&rsquo;une certaine mani\u00e8re et \u00e0 prendre certaines d\u00e9cisions. L&rsquo;Enn\u00e9agramme nous aide \u00e9galement \u00e0 comprendre comment nous r\u00e9agissons au stress et nous offre des opportunit\u00e9s de d\u00e9veloppement personnel. Beaucoup pourraient penser que les milliards de personnes sur Terre ne peuvent pas appartenir \u00e0 seulement 9 types de personnalit\u00e9. Ce que ces gens ne savent pas, c&rsquo;est que de nombreux autres \u00e9l\u00e9ments et nuances sont pris en compte, ce qui conduit \u00e0 de nombreuses combinaisons qui peuvent d\u00e9crire chacun d&rsquo;entre nous avec pr\u00e9cision. Personnellement, je vois l&rsquo;Enn\u00e9agramme comme une \u00e9p\u00e9e \u00e0 double tranchant. Cela peut \u00eatre un outil incroyable entre les mains de ceux qui recherchent vraiment un d\u00e9veloppement personnel et, en m\u00eame temps, une excuse pour ceux qui sont fig\u00e9s dans leurs voies et r\u00e9sistent \u00e0 l&rsquo;\u00e9volution spirituelle car ils peuvent se cacher derri\u00e8re la description de leur type et dire : \u00ab Je ne peux pas me comporter diff\u00e9remment. C&rsquo;est dans ma nature\u2026 \u00bb \u00a0 R\u00e9servez une session maintenant","twitter_image":"https:\/\/www.i-kicoaching.com\/wp-content\/uploads\/2021\/02\/Enneagram.jpeg","twitter_misc":{"Dur\u00e9e de lecture estim\u00e9e":"2 minutes"},"schema":{"@context":"https:\/\/schema.org","@graph":[{"@type":"WebSite","@id":"https:\/\/www.i-kicoaching.com\/#website","url":"https:\/\/www.i-kicoaching.com\/","name":"i-KI Coaching","description":"","potentialAction":[{"@type":"SearchAction","target":{"@type":"EntryPoint","urlTemplate":"https:\/\/www.i-kicoaching.com\/?s={search_term_string}"},"query-input":"required name=search_term_string"}],"inLanguage":"fr-FR"},{"@type":"WebPage","@id":"https:\/\/www.i-kicoaching.com\/fr\/lenneagramme\/","url":"https:\/\/www.i-kicoaching.com\/fr\/lenneagramme\/","name":"L'enn\u00e9agramme - i-KI Coaching","isPartOf":{"@id":"https:\/\/www.i-kicoaching.com\/#website"},"datePublished":"2021-04-18T21:31:30+00:00","dateModified":"2021-04-23T23:26:45+00:00","breadcrumb":{"@id":"https:\/\/www.i-kicoaching.com\/fr\/lenneagramme\/#breadcrumb"},"inLanguage":"fr-FR","potentialAction":[{"@type":"ReadAction","target":["https:\/\/www.i-kicoaching.com\/fr\/lenneagramme\/"]}]},{"@type":"BreadcrumbList","@id":"https:\/\/www.i-kicoaching.com\/fr\/lenneagramme\/#breadcrumb","itemListElement":[{"@type":"ListItem","position":1,"name":"Home","item":"https:\/\/www.i-kicoaching.com\/fr\/"},{"@type":"ListItem","position":2,"name":"L&#8217;enn\u00e9agramme"}]}]}},"_links":{"self":[{"href":"https:\/\/www.i-kicoaching.com\/fr\/wp-json\/wp\/v2\/pages\/6065"}],"collection":[{"href":"https:\/\/www.i-kicoaching.com\/fr\/wp-json\/wp\/v2\/pages"}],"about":[{"href":"https:\/\/www.i-kicoaching.com\/fr\/wp-json\/wp\/v2\/types\/page"}],"author":[{"embeddable":true,"href":"https:\/\/www.i-kicoaching.com\/fr\/wp-json\/wp\/v2\/users\/166"}],"replies":[{"embeddable":true,"href":"https:\/\/www.i-kicoaching.com\/fr\/wp-json\/wp\/v2\/comments?post=6065"}],"version-history":[{"count":7,"href":"https:\/\/www.i-kicoaching.com\/fr\/wp-json\/wp\/v2\/pages\/6065\/revisions"}],"predecessor-version":[{"id":6212,"href":"https:\/\/www.i-kicoaching.com\/fr\/wp-json\/wp\/v2\/pages\/6065\/revisions\/6212"}],"wp:featuredmedia":[{"embeddable":true,"href":"https:\/\/www.i-kicoaching.com\/fr\/wp-json\/wp\/v2\/media\/5362"}],"wp:attachment":[{"href":"https:\/\/www.i-kicoaching.com\/fr\/wp-json\/wp\/v2\/media?parent=6065"}],"curies":[{"name":"wp","href":"https:\/\/api.w.org\/{rel}","templated":true}]}}