{"id":7415,"date":"2022-09-04T16:03:40","date_gmt":"2022-09-04T13:24:15","guid":{"rendered":"https:\/\/www.i-kicoaching.com\/?post_type=product&#038;p=7415"},"modified":"2026-03-31T07:51:33","modified_gmt":"2026-03-31T04:51:33","slug":"seance-dhypnose-enregistree-gratuite-de-25-relaxation-profonde","status":"publish","type":"product","link":"https:\/\/www.i-kicoaching.com\/fr\/produit\/seance-dhypnose-enregistree-gratuite-de-25-relaxation-profonde\/","title":{"rendered":"S\u00e9ance d&rsquo;hypnose enregistr\u00e9e GRATUITE de 25&prime; &#8211; Relaxation Profonde"},"content":{"rendered":"<p>L&rsquo;hypnose est un \u00e9tat de relaxation profonde au cours duquel nous sommes plus ouverts aux suggestions par le biais de r\u00e9p\u00e9titions verbales et d&rsquo;images mentales. Il est tr\u00e8s utile lorsque nous essayons de nous d\u00e9barrasser de comportements ind\u00e9sirables et\/ou de soulager l&rsquo;anxi\u00e9t\u00e9 ou la douleur parmi d&rsquo;autres choses.<\/p>\n<p>Il est important de savoir que bien que la plupart des gens soient plus ouverts aux suggestions pendant l&rsquo;hypnose, nous ne perdons pas le contr\u00f4le de notre comportement et nous ne pouvons pas subir de \u00ab lavage de cerveau \u00bb. Lors d&rsquo;une s\u00e9ance d&rsquo;hypnose, la personne est consciente et se souvient de ce qui est dit.<\/p>\n<p>\u00c0 quoi s&rsquo;attendre de cette s\u00e9ance d&rsquo;hypnose enregistr\u00e9e GRATUITE de 25 minutes :<\/p>\n<ul>\n<li>des battements d&rsquo;un m\u00e9tronome pendant 10 minutes sur lequel vous devez vous concentrer attentivement<\/li>\n<li>le son de ma voix en vous donnant instructions qui vont vous mener \u00e0 une relaxation profonde<\/li>\n<li>visualisation d&rsquo;un jardin<\/li>\n<li>sensation de calme, d&rsquo;equilibre et d&rsquo;harmonie<\/li>\n<li>visualisation d&rsquo;un lac<\/li>\n<li>votre reflexion sur l&rsquo;eau vous respire le calme, l&rsquo;\u00e9quilibre et l&rsquo;harmonie<\/li>\n<li>reveil<\/li>\n<\/ul>\n<p>Pour les meilleurs r\u00e9sultats possibles :<\/p>\n<ol>\n<li>Asseyez-vous ou allongez-vous confortablement en vous assurant que tout votre corps est soutenu et dans une position confortable. Vous devez \u00eatre capable de laisser tout votre corps \u00ab\u00a0s&rsquo;enfoncer\u00a0\u00bb dans le support sous vous.<\/li>\n<li>Portez de pr\u00e9f\u00e9rence des \u00e9couteurs antibruit pour pouvoir vous concentrer enti\u00e8rement sur l&rsquo;enregistrement<\/li>\n<li>Assurez-vous que ni personne ni rien vous d\u00e9rangera pendant ces 25&prime;. N&rsquo;oubliez pas d&rsquo;\u00e9teindre votre t\u00e9l\u00e9phone !<\/li>\n<li>Concentrez-vous d&rsquo;abord sur les battements du metronome, puis sur ma voix. Si vous commencez \u00e0 penser \u00e0 autre chose, ramenez votre attention sur ma voix.<\/li>\n<\/ol>\n<p>Photo by <a href=\"https:\/\/unsplash.com\/@behz?utm_source=unsplash&amp;utm_medium=referral&amp;utm_content=creditCopyText\">Behzad Ghaffarian<\/a> on <a href=\"https:\/\/unsplash.com\/s\/photos\/garden-flowers?utm_source=unsplash&amp;utm_medium=referral&amp;utm_content=creditCopyText\">Unsplash<\/a><\/p>\n","protected":false},"excerpt":{"rendered":"<p>Cette s\u00e9ance d&rsquo;hypnose enregistr\u00e9e GRATUITE de 25&prime; vous aidera \u00e0 vous d\u00e9tendre et vous transportera dans un jardin paisible. Lorsque vous reviendrez \u00e0 votre \u00e9tat de pleine conscience, vous vous sentirez compl\u00e8tement \u00e0 l&rsquo;aise avec les situations et le monde qui vous entoure. En m\u00eame temps, vous serez plein d&rsquo;\u00e9nergie calme et pr\u00eat \u00e0 relever les d\u00e9fis de la vie.<\/p>\n<p>Photo by <a href=\"https:\/\/unsplash.com\/@behz?utm_source=unsplash&amp;utm_medium=referral&amp;utm_content=creditCopyText\">Behzad Ghaffarian<\/a> on <a href=\"https:\/\/unsplash.com\/s\/photos\/garden-flowers?utm_source=unsplash&amp;utm_medium=referral&amp;utm_content=creditCopyText\">Unsplash<\/a><\/p>\n","protected":false},"featured_media":7080,"comment_status":"open","ping_status":"closed","template":"","meta":{"pmpro_default_level":0},"yoast_head":"<!-- This site is optimized with the Yoast SEO Premium plugin v19.0.1 (Yoast SEO v19.4) - https:\/\/yoast.com\/wordpress\/plugins\/seo\/ -->\n<title>S\u00e9ance d&#039;hypnose enregistr\u00e9e GRATUITE de 25&#039; - Relaxation Profonde - i-KI Coaching<\/title>\n<meta name=\"robots\" content=\"index, follow, max-snippet:-1, max-image-preview:large, max-video-preview:-1\" \/>\n<link rel=\"canonical\" href=\"https:\/\/www.i-kicoaching.com\/fr\/produit\/seance-dhypnose-enregistree-gratuite-de-25-relaxation-profonde\/\" \/>\n<meta name=\"twitter:card\" content=\"summary_large_image\" \/>\n<meta name=\"twitter:title\" content=\"S\u00e9ance d&#039;hypnose enregistr\u00e9e GRATUITE de 25&#039; - Relaxation Profonde - i-KI Coaching\" \/>\n<meta name=\"twitter:description\" content=\"Cette s\u00e9ance d&#039;hypnose enregistr\u00e9e GRATUITE de 25&#039; vous aidera \u00e0 vous d\u00e9tendre et vous transportera dans un jardin paisible. Lorsque vous reviendrez \u00e0 votre \u00e9tat de pleine conscience, vous vous sentirez compl\u00e8tement \u00e0 l&#039;aise avec les situations et le monde qui vous entoure. En m\u00eame temps, vous serez plein d&#039;\u00e9nergie calme et pr\u00eat \u00e0 relever les d\u00e9fis de la vie.  Photo by Behzad Ghaffarian on Unsplash\" \/>\n<meta name=\"twitter:image\" content=\"https:\/\/www.i-kicoaching.com\/wp-content\/uploads\/2022\/04\/behzad-ghaffarian-LBjA0WPtUhQ-unsplash-scaled.jpg\" \/>\n<meta name=\"twitter:label1\" content=\"Dur\u00e9e de lecture estim\u00e9e\" \/>\n\t<meta name=\"twitter:data1\" content=\"2 minutes\" \/>\n<script type=\"application\/ld+json\" class=\"yoast-schema-graph\">{\"@context\":\"https:\/\/schema.org\",\"@graph\":[{\"@type\":\"WebSite\",\"@id\":\"https:\/\/www.i-kicoaching.com\/#website\",\"url\":\"https:\/\/www.i-kicoaching.com\/\",\"name\":\"i-KI Coaching\",\"description\":\"\",\"potentialAction\":[{\"@type\":\"SearchAction\",\"target\":{\"@type\":\"EntryPoint\",\"urlTemplate\":\"https:\/\/www.i-kicoaching.com\/?s={search_term_string}\"},\"query-input\":\"required name=search_term_string\"}],\"inLanguage\":\"fr-FR\"},{\"@type\":\"WebPage\",\"@id\":\"https:\/\/www.i-kicoaching.com\/fr\/produit\/seance-dhypnose-enregistree-gratuite-de-25-relaxation-profonde\/\",\"url\":\"https:\/\/www.i-kicoaching.com\/fr\/produit\/seance-dhypnose-enregistree-gratuite-de-25-relaxation-profonde\/\",\"name\":\"S\u00e9ance d'hypnose enregistr\u00e9e GRATUITE de 25' - Relaxation Profonde - i-KI Coaching\",\"isPartOf\":{\"@id\":\"https:\/\/www.i-kicoaching.com\/#website\"},\"datePublished\":\"2022-09-04T13:24:15+00:00\",\"dateModified\":\"2026-03-31T04:51:33+00:00\",\"breadcrumb\":{\"@id\":\"https:\/\/www.i-kicoaching.com\/fr\/produit\/seance-dhypnose-enregistree-gratuite-de-25-relaxation-profonde\/#breadcrumb\"},\"inLanguage\":\"fr-FR\",\"potentialAction\":[{\"@type\":\"ReadAction\",\"target\":[\"https:\/\/www.i-kicoaching.com\/fr\/produit\/seance-dhypnose-enregistree-gratuite-de-25-relaxation-profonde\/\"]}]},{\"@type\":\"BreadcrumbList\",\"@id\":\"https:\/\/www.i-kicoaching.com\/fr\/produit\/seance-dhypnose-enregistree-gratuite-de-25-relaxation-profonde\/#breadcrumb\",\"itemListElement\":[{\"@type\":\"ListItem\",\"position\":1,\"name\":\"Home\",\"item\":\"https:\/\/www.i-kicoaching.com\/fr\/\"},{\"@type\":\"ListItem\",\"position\":2,\"name\":\"M\u00e9diatheque\",\"item\":\"https:\/\/www.i-kicoaching.com\/fr\/mediatheque\/\"},{\"@type\":\"ListItem\",\"position\":3,\"name\":\"S\u00e9ance d&#8217;hypnose enregistr\u00e9e GRATUITE de 25&#8242; &#8211; Relaxation Profonde\"}]}]}<\/script>\n<!-- \/ Yoast SEO Premium plugin. -->","yoast_head_json":{"title":"S\u00e9ance d'hypnose enregistr\u00e9e GRATUITE de 25' - Relaxation Profonde - i-KI Coaching","robots":{"index":"index","follow":"follow","max-snippet":"max-snippet:-1","max-image-preview":"max-image-preview:large","max-video-preview":"max-video-preview:-1"},"canonical":"https:\/\/www.i-kicoaching.com\/fr\/produit\/seance-dhypnose-enregistree-gratuite-de-25-relaxation-profonde\/","twitter_card":"summary_large_image","twitter_title":"S\u00e9ance d'hypnose enregistr\u00e9e GRATUITE de 25' - Relaxation Profonde - i-KI Coaching","twitter_description":"Cette s\u00e9ance d'hypnose enregistr\u00e9e GRATUITE de 25' vous aidera \u00e0 vous d\u00e9tendre et vous transportera dans un jardin paisible. Lorsque vous reviendrez \u00e0 votre \u00e9tat de pleine conscience, vous vous sentirez compl\u00e8tement \u00e0 l'aise avec les situations et le monde qui vous entoure. En m\u00eame temps, vous serez plein d'\u00e9nergie calme et pr\u00eat \u00e0 relever les d\u00e9fis de la vie.  Photo by Behzad Ghaffarian on Unsplash","twitter_image":"https:\/\/www.i-kicoaching.com\/wp-content\/uploads\/2022\/04\/behzad-ghaffarian-LBjA0WPtUhQ-unsplash-scaled.jpg","twitter_misc":{"Dur\u00e9e de lecture estim\u00e9e":"2 minutes"},"schema":{"@context":"https:\/\/schema.org","@graph":[{"@type":"WebSite","@id":"https:\/\/www.i-kicoaching.com\/#website","url":"https:\/\/www.i-kicoaching.com\/","name":"i-KI Coaching","description":"","potentialAction":[{"@type":"SearchAction","target":{"@type":"EntryPoint","urlTemplate":"https:\/\/www.i-kicoaching.com\/?s={search_term_string}"},"query-input":"required name=search_term_string"}],"inLanguage":"fr-FR"},{"@type":"WebPage","@id":"https:\/\/www.i-kicoaching.com\/fr\/produit\/seance-dhypnose-enregistree-gratuite-de-25-relaxation-profonde\/","url":"https:\/\/www.i-kicoaching.com\/fr\/produit\/seance-dhypnose-enregistree-gratuite-de-25-relaxation-profonde\/","name":"S\u00e9ance d'hypnose enregistr\u00e9e GRATUITE de 25' - Relaxation Profonde - i-KI Coaching","isPartOf":{"@id":"https:\/\/www.i-kicoaching.com\/#website"},"datePublished":"2022-09-04T13:24:15+00:00","dateModified":"2026-03-31T04:51:33+00:00","breadcrumb":{"@id":"https:\/\/www.i-kicoaching.com\/fr\/produit\/seance-dhypnose-enregistree-gratuite-de-25-relaxation-profonde\/#breadcrumb"},"inLanguage":"fr-FR","potentialAction":[{"@type":"ReadAction","target":["https:\/\/www.i-kicoaching.com\/fr\/produit\/seance-dhypnose-enregistree-gratuite-de-25-relaxation-profonde\/"]}]},{"@type":"BreadcrumbList","@id":"https:\/\/www.i-kicoaching.com\/fr\/produit\/seance-dhypnose-enregistree-gratuite-de-25-relaxation-profonde\/#breadcrumb","itemListElement":[{"@type":"ListItem","position":1,"name":"Home","item":"https:\/\/www.i-kicoaching.com\/fr\/"},{"@type":"ListItem","position":2,"name":"M\u00e9diatheque","item":"https:\/\/www.i-kicoaching.com\/fr\/mediatheque\/"},{"@type":"ListItem","position":3,"name":"S\u00e9ance d&#8217;hypnose enregistr\u00e9e GRATUITE de 25&#8242; &#8211; Relaxation Profonde"}]}]}},"_links":{"self":[{"href":"https:\/\/www.i-kicoaching.com\/fr\/wp-json\/wp\/v2\/product\/7415"}],"collection":[{"href":"https:\/\/www.i-kicoaching.com\/fr\/wp-json\/wp\/v2\/product"}],"about":[{"href":"https:\/\/www.i-kicoaching.com\/fr\/wp-json\/wp\/v2\/types\/product"}],"replies":[{"embeddable":true,"href":"https:\/\/www.i-kicoaching.com\/fr\/wp-json\/wp\/v2\/comments?post=7415"}],"wp:featuredmedia":[{"embeddable":true,"href":"https:\/\/www.i-kicoaching.com\/fr\/wp-json\/wp\/v2\/media\/7080"}],"wp:attachment":[{"href":"https:\/\/www.i-kicoaching.com\/fr\/wp-json\/wp\/v2\/media?parent=7415"}],"curies":[{"name":"wp","href":"https:\/\/api.w.org\/{rel}","templated":true}]}}